{"id":2768,"date":"2025-09-11T14:55:58","date_gmt":"2025-09-11T14:55:58","guid":{"rendered":"https:\/\/isapadilla.com\/?page_id=2768"},"modified":"2025-09-27T21:56:37","modified_gmt":"2025-09-27T21:56:37","slug":"13720-biscayne-blvd-north-miami-beach-fl","status":"publish","type":"page","link":"https:\/\/isapadilla.com\/es\/13720-biscayne-blvd-north-miami-beach-fl\/","title":{"rendered":"13720 Biscayne Blvd North Miami Beach, FL"},"content":{"rendered":"<div data-elementor-type=\"wp-page\" data-elementor-id=\"2768\" class=\"elementor elementor-2768\" data-elementor-post-type=\"page\">\n\t\t\t\t<div class=\"elementor-element elementor-element-480f3e2a e-flex e-con-boxed e-con e-parent\" data-id=\"480f3e2a\" data-element_type=\"container\" data-e-type=\"container\" data-settings=\"{&quot;background_background&quot;:&quot;classic&quot;}\">\n\t\t\t\t\t<div class=\"e-con-inner\">\n\t\t<div class=\"elementor-element elementor-element-30dd5218 e-con-full e-flex e-con e-child\" data-id=\"30dd5218\" data-element_type=\"container\" data-e-type=\"container\">\n\t\t\t\t<div class=\"elementor-element elementor-element-16d31596 elementor-widget elementor-widget-heading\" data-id=\"16d31596\" data-element_type=\"widget\" data-e-type=\"widget\" data-widget_type=\"heading.default\">\n\t\t\t\t<div class=\"elementor-widget-container\">\n\t\t\t\t\t<h1 class=\"elementor-heading-title elementor-size-default\">Espacio Comercial de Lujo en Biscayne<\/h1>\t\t\t\t<\/div>\n\t\t\t\t<\/div>\n\t\t\t\t<\/div>\n\t\t\t\t\t<\/div>\n\t\t\t\t<\/div>\n\t\t\t\t<section class=\"elementor-section elementor-top-section elementor-element elementor-element-951647d elementor-section-content-top elementor-section-boxed elementor-section-height-default elementor-section-height-default\" data-id=\"951647d\" data-element_type=\"section\" data-e-type=\"section\" data-settings=\"{&quot;background_background&quot;:&quot;classic&quot;}\">\n\t\t\t\t\t\t\t<div class=\"elementor-background-overlay\"><\/div>\n\t\t\t\t\t\t\t<div class=\"elementor-container elementor-column-gap-no\">\n\t\t\t\t\t<div class=\"elementor-column elementor-col-100 elementor-top-column elementor-element elementor-element-40d3bc63\" data-id=\"40d3bc63\" data-element_type=\"column\" data-e-type=\"column\">\n\t\t\t<div class=\"elementor-widget-wrap elementor-element-populated\">\n\t\t\t\t\t\t<div class=\"elementor-element elementor-element-bdc56d8 elementor-widget elementor-widget-heading\" data-id=\"bdc56d8\" data-element_type=\"widget\" data-e-type=\"widget\" data-widget_type=\"heading.default\">\n\t\t\t\t<div class=\"elementor-widget-container\">\n\t\t\t\t\t<h2 class=\"elementor-heading-title elementor-size-default\">DESDE $450,000\/ 11,754 PIES CUADRADOS <\/h2>\t\t\t\t<\/div>\n\t\t\t\t<\/div>\n\t\t\t\t\t<\/div>\n\t\t<\/div>\n\t\t\t\t\t<\/div>\n\t\t<\/section>\n\t\t<div class=\"elementor-element elementor-element-ecf79a5 e-flex e-con-boxed e-con e-parent\" data-id=\"ecf79a5\" data-element_type=\"container\" data-e-type=\"container\" data-settings=\"{&quot;background_background&quot;:&quot;classic&quot;}\">\n\t\t\t\t\t<div class=\"e-con-inner\">\n\t\t<div class=\"elementor-element elementor-element-1c6df3bb e-con-full e-flex e-con e-child\" data-id=\"1c6df3bb\" data-element_type=\"container\" data-e-type=\"container\">\n\t\t\t\t<div class=\"elementor-element elementor-element-2c21ba7f elementor-widget elementor-widget-text-editor\" data-id=\"2c21ba7f\" data-element_type=\"widget\" data-e-type=\"widget\" data-widget_type=\"text-editor.default\">\n\t\t\t\t<div class=\"elementor-widget-container\">\n\t\t\t\t\t\t\t\t\t<p>Excelente oportunidad de negocio en <b>13740 Biscayne Boulevard<\/b>, estrat\u00e9gicamente ubicado entre dos de los mercados m\u00e1s prestigiosos del sur de Florida: <b>Aventura<\/b> y <b>Bal Harbour<\/b>.<\/p><p>A solo unos minutos de <b>Aventura Mall<\/b>, uno de los destinos comerciales m\u00e1s grandes y exclusivos del pa\u00eds, esta ubicaci\u00f3n se beneficia de un tr\u00e1fico constante, una gran visibilidad y la proximidad a tiendas de lujo, restaurantes de alta cocina y comunidades residenciales acomodadas. El auge del desarrollo que est\u00e1 experimentando la zona la convierte en un lugar ideal para establecer o hacer crecer su negocio y captar una clientela s\u00f3lida y de alto nivel.<\/p>\t\t\t\t\t\t\t\t<\/div>\n\t\t\t\t<\/div>\n\t\t\t\t<div class=\"elementor-element elementor-element-6f05f207 elementor-widget elementor-widget-button\" data-id=\"6f05f207\" data-element_type=\"widget\" data-e-type=\"widget\" data-widget_type=\"button.default\">\n\t\t\t\t<div class=\"elementor-widget-container\">\n\t\t\t\t\t\t\t\t\t<div class=\"elementor-button-wrapper\">\n\t\t\t\t\t<a class=\"elementor-button elementor-button-link elementor-size-sm\" href=\"https:\/\/wa.link\/i0bdgk\">\n\t\t\t\t\t\t<span class=\"elementor-button-content-wrapper\">\n\t\t\t\t\t\t\t\t\t<span class=\"elementor-button-text\">M\u00e1s Informaci\u00f3n<\/span>\n\t\t\t\t\t<\/span>\n\t\t\t\t\t<\/a>\n\t\t\t\t<\/div>\n\t\t\t\t\t\t\t\t<\/div>\n\t\t\t\t<\/div>\n\t\t\t\t<\/div>\n\t\t<div class=\"elementor-element elementor-element-27a9b59 e-con-full e-flex e-con e-child\" data-id=\"27a9b59\" data-element_type=\"container\" data-e-type=\"container\" data-settings=\"{&quot;background_background&quot;:&quot;classic&quot;}\">\n\t\t\t\t<div class=\"elementor-element elementor-element-76b36504 elementor--h-position-center elementor--v-position-middle elementor-arrows-position-inside elementor-pagination-position-inside elementor-widget elementor-widget-slides\" data-id=\"76b36504\" data-element_type=\"widget\" data-e-type=\"widget\" data-settings=\"{&quot;navigation&quot;:&quot;both&quot;,&quot;autoplay&quot;:&quot;yes&quot;,&quot;pause_on_hover&quot;:&quot;yes&quot;,&quot;pause_on_interaction&quot;:&quot;yes&quot;,&quot;autoplay_speed&quot;:5000,&quot;infinite&quot;:&quot;yes&quot;,&quot;transition&quot;:&quot;slide&quot;,&quot;transition_speed&quot;:500}\" data-widget_type=\"slides.default\">\n\t\t\t\t<div class=\"elementor-widget-container\">\n\t\t\t\t\t\t\t\t\t<div class=\"elementor-swiper\">\n\t\t\t\t\t<div class=\"elementor-slides-wrapper elementor-main-swiper swiper\" role=\"region\" aria-roledescription=\"carousel\" aria-label=\"Slides\" dir=\"ltr\" data-animation=\"fadeInUp\">\n\t\t\t\t<div class=\"swiper-wrapper elementor-slides\">\n\t\t\t\t\t\t\t\t\t\t<div class=\"elementor-repeater-item-0ddde7d swiper-slide\" role=\"group\" aria-roledescription=\"slide\"><div class=\"swiper-slide-bg\" role=\"img\" aria-label=\"GetMedia (18)\"><\/div><div class=\"swiper-slide-inner\" ><div class=\"swiper-slide-contents\"><\/div><\/div><\/div>\t\t\t\t<\/div>\n\t\t\t\t\t\t\t<\/div>\n\t\t\t\t<\/div>\n\t\t\t\t\t\t\t\t<\/div>\n\t\t\t\t<\/div>\n\t\t\t\t<\/div>\n\t\t\t\t\t<\/div>\n\t\t\t\t<\/div>\n\t\t<div class=\"elementor-element elementor-element-6196462a e-con-full e-flex e-con e-parent\" data-id=\"6196462a\" data-element_type=\"container\" data-e-type=\"container\">\n\t\t\t\t<div class=\"elementor-element elementor-element-4d29642 elementor-widget elementor-widget-gallery\" data-id=\"4d29642\" data-element_type=\"widget\" data-e-type=\"widget\" data-settings=\"{&quot;columns&quot;:3,&quot;aspect_ratio&quot;:&quot;1:1&quot;,&quot;lazyload&quot;:&quot;yes&quot;,&quot;gallery_layout&quot;:&quot;grid&quot;,&quot;columns_tablet&quot;:2,&quot;columns_mobile&quot;:1,&quot;gap&quot;:{&quot;unit&quot;:&quot;px&quot;,&quot;size&quot;:10,&quot;sizes&quot;:[]},&quot;gap_tablet&quot;:{&quot;unit&quot;:&quot;px&quot;,&quot;size&quot;:10,&quot;sizes&quot;:[]},&quot;gap_mobile&quot;:{&quot;unit&quot;:&quot;px&quot;,&quot;size&quot;:10,&quot;sizes&quot;:[]},&quot;link_to&quot;:&quot;file&quot;,&quot;overlay_background&quot;:&quot;yes&quot;,&quot;content_hover_animation&quot;:&quot;fade-in&quot;}\" data-widget_type=\"gallery.default\">\n\t\t\t\t<div class=\"elementor-widget-container\">\n\t\t\t\t\t\t\t<div class=\"elementor-gallery__container\">\n\t\t\t\t\t\t\t<a class=\"e-gallery-item elementor-gallery-item elementor-animated-content\" href=\"https:\/\/i0.wp.com\/isapadilla.com\/wp-content\/uploads\/2025\/09\/GetMedia-21.jpg?fit=675%2C1200&#038;ssl=1\" data-elementor-open-lightbox=\"yes\" data-elementor-lightbox-slideshow=\"4d29642\" data-elementor-lightbox-title=\"GetMedia (21)\" data-e-action-hash=\"#elementor-action%3Aaction%3Dlightbox%26settings%3DeyJpZCI6Mjc4MiwidXJsIjoiaHR0cHM6XC9cL2lzYXBhZGlsbGEuY29tXC93cC1jb250ZW50XC91cGxvYWRzXC8yMDI1XC8wOVwvR2V0TWVkaWEtMjEuanBnIiwic2xpZGVzaG93IjoiNGQyOTY0MiJ9\">\n\t\t\t\t\t<div class=\"e-gallery-image elementor-gallery-item__image\" data-thumbnail=\"https:\/\/i0.wp.com\/isapadilla.com\/wp-content\/uploads\/2025\/09\/GetMedia-21.jpg?fit=675%2C1200&amp;ssl=1\" data-width=\"675\" data-height=\"1200\" aria-label=\"\" role=\"img\" ><\/div>\n\t\t\t\t\t\t\t\t\t\t\t<div class=\"elementor-gallery-item__overlay\"><\/div>\n\t\t\t\t\t\t\t\t\t\t\t\t\t\t<\/a>\n\t\t\t\t\t\t\t<a class=\"e-gallery-item elementor-gallery-item elementor-animated-content\" href=\"https:\/\/i0.wp.com\/isapadilla.com\/wp-content\/uploads\/2025\/09\/GetMedia-20.jpg?fit=675%2C1200&#038;ssl=1\" data-elementor-open-lightbox=\"yes\" data-elementor-lightbox-slideshow=\"4d29642\" data-elementor-lightbox-title=\"GetMedia (20)\" data-e-action-hash=\"#elementor-action%3Aaction%3Dlightbox%26settings%3DeyJpZCI6Mjc4MywidXJsIjoiaHR0cHM6XC9cL2lzYXBhZGlsbGEuY29tXC93cC1jb250ZW50XC91cGxvYWRzXC8yMDI1XC8wOVwvR2V0TWVkaWEtMjAuanBnIiwic2xpZGVzaG93IjoiNGQyOTY0MiJ9\">\n\t\t\t\t\t<div class=\"e-gallery-image elementor-gallery-item__image\" data-thumbnail=\"https:\/\/i0.wp.com\/isapadilla.com\/wp-content\/uploads\/2025\/09\/GetMedia-20.jpg?fit=675%2C1200&amp;ssl=1\" data-width=\"675\" data-height=\"1200\" aria-label=\"\" role=\"img\" ><\/div>\n\t\t\t\t\t\t\t\t\t\t\t<div class=\"elementor-gallery-item__overlay\"><\/div>\n\t\t\t\t\t\t\t\t\t\t\t\t\t\t<\/a>\n\t\t\t\t\t\t\t<a class=\"e-gallery-item elementor-gallery-item elementor-animated-content\" href=\"https:\/\/i0.wp.com\/isapadilla.com\/wp-content\/uploads\/2025\/09\/GetMedia-19.jpg?fit=675%2C1200&#038;ssl=1\" data-elementor-open-lightbox=\"yes\" data-elementor-lightbox-slideshow=\"4d29642\" data-elementor-lightbox-title=\"GetMedia (19)\" data-e-action-hash=\"#elementor-action%3Aaction%3Dlightbox%26settings%3DeyJpZCI6Mjc4NCwidXJsIjoiaHR0cHM6XC9cL2lzYXBhZGlsbGEuY29tXC93cC1jb250ZW50XC91cGxvYWRzXC8yMDI1XC8wOVwvR2V0TWVkaWEtMTkuanBnIiwic2xpZGVzaG93IjoiNGQyOTY0MiJ9\">\n\t\t\t\t\t<div class=\"e-gallery-image elementor-gallery-item__image\" data-thumbnail=\"https:\/\/i0.wp.com\/isapadilla.com\/wp-content\/uploads\/2025\/09\/GetMedia-19.jpg?fit=675%2C1200&amp;ssl=1\" data-width=\"675\" data-height=\"1200\" aria-label=\"\" role=\"img\" ><\/div>\n\t\t\t\t\t\t\t\t\t\t\t<div class=\"elementor-gallery-item__overlay\"><\/div>\n\t\t\t\t\t\t\t\t\t\t\t\t\t\t<\/a>\n\t\t\t\t\t<\/div>\n\t\t\t\t\t<\/div>\n\t\t\t\t<\/div>\n\t\t\t\t<\/div>\n\t\t\t\t<\/div>","protected":false},"excerpt":{"rendered":"<p>Luxury retail space in Biscayne FROM $450,000 \/ 11,754 SQFT Prime business opportunity at 13740 Biscayne Boulevard, strategically located between two of South Florida&#8217;s most prestigious markets: Aventura and Bal Harbour. Just minutes from Aventura Mall, one of the nation\u2019s largest and most upscale shopping destinations, this location benefits from constant traffic, high visibility, and [&hellip;]<\/p>\n","protected":false},"author":1,"featured_media":2785,"parent":0,"menu_order":0,"comment_status":"closed","ping_status":"closed","template":"","meta":{"om_disable_all_campaigns":false,"pagelayer_contact_templates":[],"_pagelayer_content":"","site-sidebar-layout":"no-sidebar","site-content-layout":"page-builder","ast-site-content-layout":"full-width-container","site-content-style":"default","site-sidebar-style":"default","ast-global-header-display":"","ast-banner-title-visibility":"","ast-main-header-display":"","ast-hfb-above-header-display":"","ast-hfb-below-header-display":"","ast-hfb-mobile-header-display":"","site-post-title":"disabled","ast-breadcrumbs-content":"","ast-featured-img":"disabled","footer-sml-layout":"","ast-disable-related-posts":"","theme-transparent-header-meta":"","adv-header-id-meta":"","stick-header-meta":"","header-above-stick-meta":"","header-main-stick-meta":"","header-below-stick-meta":"","astra-migrate-meta-layouts":"set","ast-page-background-enabled":"default","ast-page-background-meta":{"desktop":{"background-color":"","background-image":"","background-repeat":"repeat","background-position":"center center","background-size":"auto","background-attachment":"scroll","background-type":"","background-media":"","overlay-type":"","overlay-color":"","overlay-opacity":"","overlay-gradient":""},"tablet":{"background-color":"","background-image":"","background-repeat":"repeat","background-position":"center center","background-size":"auto","background-attachment":"scroll","background-type":"","background-media":"","overlay-type":"","overlay-color":"","overlay-opacity":"","overlay-gradient":""},"mobile":{"background-color":"","background-image":"","background-repeat":"repeat","background-position":"center center","background-size":"auto","background-attachment":"scroll","background-type":"","background-media":"","overlay-type":"","overlay-color":"","overlay-opacity":"","overlay-gradient":""}},"ast-content-background-meta":{"desktop":{"background-color":"var(--ast-global-color-5)","background-image":"","background-repeat":"repeat","background-position":"center center","background-size":"auto","background-attachment":"scroll","background-type":"","background-media":"","overlay-type":"","overlay-color":"","overlay-opacity":"","overlay-gradient":""},"tablet":{"background-color":"var(--ast-global-color-5)","background-image":"","background-repeat":"repeat","background-position":"center center","background-size":"auto","background-attachment":"scroll","background-type":"","background-media":"","overlay-type":"","overlay-color":"","overlay-opacity":"","overlay-gradient":""},"mobile":{"background-color":"var(--ast-global-color-5)","background-image":"","background-repeat":"repeat","background-position":"center center","background-size":"auto","background-attachment":"scroll","background-type":"","background-media":"","overlay-type":"","overlay-color":"","overlay-opacity":"","overlay-gradient":""}},"footnotes":""},"class_list":["post-2768","page","type-page","status-publish","has-post-thumbnail","hentry"],"yoast_head":"<!-- This site is optimized with the Yoast SEO plugin v27.0 - https:\/\/yoast.com\/product\/yoast-seo-wordpress\/ -->\n<title>13720 Biscayne Blvd North Miami Beach, FL - Lelisabel Padilla<\/title>\n<meta name=\"robots\" content=\"index, follow, max-snippet:-1, max-image-preview:large, max-video-preview:-1\" \/>\n<link rel=\"canonical\" href=\"https:\/\/isapadilla.com\/es\/13720-biscayne-blvd-north-miami-beach-fl\/\" \/>\n<meta property=\"og:locale\" content=\"es_ES\" \/>\n<meta property=\"og:type\" content=\"article\" \/>\n<meta property=\"og:title\" content=\"13720 Biscayne Blvd North Miami Beach, FL - Lelisabel Padilla\" \/>\n<meta property=\"og:description\" content=\"Luxury retail space in Biscayne FROM $450,000 \/ 11,754 SQFT Prime business opportunity at 13740 Biscayne Boulevard, strategically located between two of South Florida&#8217;s most prestigious markets: Aventura and Bal Harbour. Just minutes from Aventura Mall, one of the nation\u2019s largest and most upscale shopping destinations, this location benefits from constant traffic, high visibility, and [&hellip;]\" \/>\n<meta property=\"og:url\" content=\"https:\/\/isapadilla.com\/es\/13720-biscayne-blvd-north-miami-beach-fl\/\" \/>\n<meta property=\"og:site_name\" content=\"Lelisabel Padilla\" \/>\n<meta property=\"article:modified_time\" content=\"2025-09-27T21:56:37+00:00\" \/>\n<meta property=\"og:image\" content=\"https:\/\/isapadilla.com\/wp-content\/uploads\/2025\/09\/GetMedia-18.jpg\" \/>\n\t<meta property=\"og:image:width\" content=\"985\" \/>\n\t<meta property=\"og:image:height\" content=\"1200\" \/>\n\t<meta property=\"og:image:type\" content=\"image\/jpeg\" \/>\n<meta name=\"twitter:card\" content=\"summary_large_image\" \/>\n<meta name=\"twitter:label1\" content=\"Tiempo de lectura\" \/>\n\t<meta name=\"twitter:data1\" content=\"1 minuto\" \/>\n<script type=\"application\/ld+json\" class=\"yoast-schema-graph\">{\"@context\":\"https:\/\/schema.org\",\"@graph\":[{\"@type\":\"WebPage\",\"@id\":\"https:\/\/isapadilla.com\/13720-biscayne-blvd-north-miami-beach-fl\/\",\"url\":\"https:\/\/isapadilla.com\/13720-biscayne-blvd-north-miami-beach-fl\/\",\"name\":\"13720 Biscayne Blvd North Miami Beach, FL - Lelisabel Padilla\",\"isPartOf\":{\"@id\":\"https:\/\/isapadilla.com\/#website\"},\"primaryImageOfPage\":{\"@id\":\"https:\/\/isapadilla.com\/13720-biscayne-blvd-north-miami-beach-fl\/#primaryimage\"},\"image\":{\"@id\":\"https:\/\/isapadilla.com\/13720-biscayne-blvd-north-miami-beach-fl\/#primaryimage\"},\"thumbnailUrl\":\"https:\/\/i0.wp.com\/isapadilla.com\/wp-content\/uploads\/2025\/09\/GetMedia-18.jpg?fit=985%2C1200&ssl=1\",\"datePublished\":\"2025-09-11T14:55:58+00:00\",\"dateModified\":\"2025-09-27T21:56:37+00:00\",\"breadcrumb\":{\"@id\":\"https:\/\/isapadilla.com\/13720-biscayne-blvd-north-miami-beach-fl\/#breadcrumb\"},\"inLanguage\":\"es\",\"potentialAction\":[{\"@type\":\"ReadAction\",\"target\":[\"https:\/\/isapadilla.com\/13720-biscayne-blvd-north-miami-beach-fl\/\"]}]},{\"@type\":\"ImageObject\",\"inLanguage\":\"es\",\"@id\":\"https:\/\/isapadilla.com\/13720-biscayne-blvd-north-miami-beach-fl\/#primaryimage\",\"url\":\"https:\/\/i0.wp.com\/isapadilla.com\/wp-content\/uploads\/2025\/09\/GetMedia-18.jpg?fit=985%2C1200&ssl=1\",\"contentUrl\":\"https:\/\/i0.wp.com\/isapadilla.com\/wp-content\/uploads\/2025\/09\/GetMedia-18.jpg?fit=985%2C1200&ssl=1\",\"width\":985,\"height\":1200},{\"@type\":\"BreadcrumbList\",\"@id\":\"https:\/\/isapadilla.com\/13720-biscayne-blvd-north-miami-beach-fl\/#breadcrumb\",\"itemListElement\":[{\"@type\":\"ListItem\",\"position\":1,\"name\":\"Portada\",\"item\":\"https:\/\/isapadilla.com\/\"},{\"@type\":\"ListItem\",\"position\":2,\"name\":\"13720 Biscayne Blvd North Miami Beach, FL\"}]},{\"@type\":\"WebSite\",\"@id\":\"https:\/\/isapadilla.com\/#website\",\"url\":\"https:\/\/isapadilla.com\/\",\"name\":\"Lelisabel Padilla\",\"description\":\"This site focuses on luxury real estate in Miami and Orlando, specializing in pre-construction projects and investment properties.\",\"publisher\":{\"@id\":\"https:\/\/isapadilla.com\/#organization\"},\"potentialAction\":[{\"@type\":\"SearchAction\",\"target\":{\"@type\":\"EntryPoint\",\"urlTemplate\":\"https:\/\/isapadilla.com\/?s={search_term_string}\"},\"query-input\":{\"@type\":\"PropertyValueSpecification\",\"valueRequired\":true,\"valueName\":\"search_term_string\"}}],\"inLanguage\":\"es\"},{\"@type\":\"Organization\",\"@id\":\"https:\/\/isapadilla.com\/#organization\",\"name\":\"Lelisabel Padilla\",\"url\":\"https:\/\/isapadilla.com\/\",\"logo\":{\"@type\":\"ImageObject\",\"inLanguage\":\"es\",\"@id\":\"https:\/\/isapadilla.com\/#\/schema\/logo\/image\/\",\"url\":\"https:\/\/i0.wp.com\/isapadilla.com\/wp-content\/uploads\/2025\/03\/cropped-cropped-logo-1-1-2.png?fit=812%2C384&ssl=1\",\"contentUrl\":\"https:\/\/i0.wp.com\/isapadilla.com\/wp-content\/uploads\/2025\/03\/cropped-cropped-logo-1-1-2.png?fit=812%2C384&ssl=1\",\"width\":812,\"height\":384,\"caption\":\"Lelisabel Padilla\"},\"image\":{\"@id\":\"https:\/\/isapadilla.com\/#\/schema\/logo\/image\/\"}}]}<\/script>\n<!-- \/ Yoast SEO plugin. -->","yoast_head_json":{"title":"13720 Biscayne Blvd North Miami Beach, FL - Lelisabel Padilla","robots":{"index":"index","follow":"follow","max-snippet":"max-snippet:-1","max-image-preview":"max-image-preview:large","max-video-preview":"max-video-preview:-1"},"canonical":"https:\/\/isapadilla.com\/es\/13720-biscayne-blvd-north-miami-beach-fl\/","og_locale":"es_ES","og_type":"article","og_title":"13720 Biscayne Blvd North Miami Beach, FL - Lelisabel Padilla","og_description":"Luxury retail space in Biscayne FROM $450,000 \/ 11,754 SQFT Prime business opportunity at 13740 Biscayne Boulevard, strategically located between two of South Florida&#8217;s most prestigious markets: Aventura and Bal Harbour. Just minutes from Aventura Mall, one of the nation\u2019s largest and most upscale shopping destinations, this location benefits from constant traffic, high visibility, and [&hellip;]","og_url":"https:\/\/isapadilla.com\/es\/13720-biscayne-blvd-north-miami-beach-fl\/","og_site_name":"Lelisabel Padilla","article_modified_time":"2025-09-27T21:56:37+00:00","og_image":[{"width":985,"height":1200,"url":"https:\/\/isapadilla.com\/wp-content\/uploads\/2025\/09\/GetMedia-18.jpg","type":"image\/jpeg"}],"twitter_card":"summary_large_image","twitter_misc":{"Tiempo de lectura":"1 minuto"},"schema":{"@context":"https:\/\/schema.org","@graph":[{"@type":"WebPage","@id":"https:\/\/isapadilla.com\/13720-biscayne-blvd-north-miami-beach-fl\/","url":"https:\/\/isapadilla.com\/13720-biscayne-blvd-north-miami-beach-fl\/","name":"13720 Biscayne Blvd North Miami Beach, FL - Lelisabel Padilla","isPartOf":{"@id":"https:\/\/isapadilla.com\/#website"},"primaryImageOfPage":{"@id":"https:\/\/isapadilla.com\/13720-biscayne-blvd-north-miami-beach-fl\/#primaryimage"},"image":{"@id":"https:\/\/isapadilla.com\/13720-biscayne-blvd-north-miami-beach-fl\/#primaryimage"},"thumbnailUrl":"https:\/\/i0.wp.com\/isapadilla.com\/wp-content\/uploads\/2025\/09\/GetMedia-18.jpg?fit=985%2C1200&ssl=1","datePublished":"2025-09-11T14:55:58+00:00","dateModified":"2025-09-27T21:56:37+00:00","breadcrumb":{"@id":"https:\/\/isapadilla.com\/13720-biscayne-blvd-north-miami-beach-fl\/#breadcrumb"},"inLanguage":"es","potentialAction":[{"@type":"ReadAction","target":["https:\/\/isapadilla.com\/13720-biscayne-blvd-north-miami-beach-fl\/"]}]},{"@type":"ImageObject","inLanguage":"es","@id":"https:\/\/isapadilla.com\/13720-biscayne-blvd-north-miami-beach-fl\/#primaryimage","url":"https:\/\/i0.wp.com\/isapadilla.com\/wp-content\/uploads\/2025\/09\/GetMedia-18.jpg?fit=985%2C1200&ssl=1","contentUrl":"https:\/\/i0.wp.com\/isapadilla.com\/wp-content\/uploads\/2025\/09\/GetMedia-18.jpg?fit=985%2C1200&ssl=1","width":985,"height":1200},{"@type":"BreadcrumbList","@id":"https:\/\/isapadilla.com\/13720-biscayne-blvd-north-miami-beach-fl\/#breadcrumb","itemListElement":[{"@type":"ListItem","position":1,"name":"Portada","item":"https:\/\/isapadilla.com\/"},{"@type":"ListItem","position":2,"name":"13720 Biscayne Blvd North Miami Beach, FL"}]},{"@type":"WebSite","@id":"https:\/\/isapadilla.com\/#website","url":"https:\/\/isapadilla.com\/","name":"Lelisabel Padilla","description":"This site focuses on luxury real estate in Miami and Orlando, specializing in pre-construction projects and investment properties.","publisher":{"@id":"https:\/\/isapadilla.com\/#organization"},"potentialAction":[{"@type":"SearchAction","target":{"@type":"EntryPoint","urlTemplate":"https:\/\/isapadilla.com\/?s={search_term_string}"},"query-input":{"@type":"PropertyValueSpecification","valueRequired":true,"valueName":"search_term_string"}}],"inLanguage":"es"},{"@type":"Organization","@id":"https:\/\/isapadilla.com\/#organization","name":"Lelisabel Padilla","url":"https:\/\/isapadilla.com\/","logo":{"@type":"ImageObject","inLanguage":"es","@id":"https:\/\/isapadilla.com\/#\/schema\/logo\/image\/","url":"https:\/\/i0.wp.com\/isapadilla.com\/wp-content\/uploads\/2025\/03\/cropped-cropped-logo-1-1-2.png?fit=812%2C384&ssl=1","contentUrl":"https:\/\/i0.wp.com\/isapadilla.com\/wp-content\/uploads\/2025\/03\/cropped-cropped-logo-1-1-2.png?fit=812%2C384&ssl=1","width":812,"height":384,"caption":"Lelisabel Padilla"},"image":{"@id":"https:\/\/isapadilla.com\/#\/schema\/logo\/image\/"}}]}},"jetpack_sharing_enabled":true,"rttpg_featured_image_url":{"full":["https:\/\/i0.wp.com\/isapadilla.com\/wp-content\/uploads\/2025\/09\/GetMedia-18.jpg?fit=985%2C1200&ssl=1",985,1200,false],"landscape":["https:\/\/isapadilla.com\/wp-content\/uploads\/2025\/09\/GetMedia-18.jpg",985,1200,false],"portraits":["https:\/\/isapadilla.com\/wp-content\/uploads\/2025\/09\/GetMedia-18.jpg",985,1200,false],"thumbnail":["https:\/\/i0.wp.com\/isapadilla.com\/wp-content\/uploads\/2025\/09\/GetMedia-18.jpg?resize=150%2C150&ssl=1",150,150,true],"medium":["https:\/\/i0.wp.com\/isapadilla.com\/wp-content\/uploads\/2025\/09\/GetMedia-18.jpg?fit=246%2C300&ssl=1",246,300,true],"large":["https:\/\/i0.wp.com\/isapadilla.com\/wp-content\/uploads\/2025\/09\/GetMedia-18.jpg?fit=841%2C1024&ssl=1",841,1024,true],"1536x1536":["https:\/\/i0.wp.com\/isapadilla.com\/wp-content\/uploads\/2025\/09\/GetMedia-18.jpg?fit=985%2C1200&ssl=1",985,1200,true],"2048x2048":["https:\/\/i0.wp.com\/isapadilla.com\/wp-content\/uploads\/2025\/09\/GetMedia-18.jpg?fit=985%2C1200&ssl=1",985,1200,true],"trp-custom-language-flag":["https:\/\/i0.wp.com\/isapadilla.com\/wp-content\/uploads\/2025\/09\/GetMedia-18.jpg?fit=10%2C12&ssl=1",10,12,true]},"rttpg_author":{"display_name":"adminIsaPadilla","author_link":"https:\/\/isapadilla.com\/es\/author\/adminisapadilla\/"},"rttpg_comment":0,"rttpg_category":null,"rttpg_excerpt":"Luxury retail space in Biscayne FROM $450,000 \/ 11,754 SQFT Prime business opportunity at 13740 Biscayne Boulevard, strategically located between two of South Florida&#8217;s most prestigious markets: Aventura and Bal Harbour. Just minutes from Aventura Mall, one of the nation\u2019s largest and most upscale shopping destinations, this location benefits from constant traffic, high visibility, and&hellip;","_links":{"self":[{"href":"https:\/\/isapadilla.com\/es\/wp-json\/wp\/v2\/pages\/2768","targetHints":{"allow":["GET"]}}],"collection":[{"href":"https:\/\/isapadilla.com\/es\/wp-json\/wp\/v2\/pages"}],"about":[{"href":"https:\/\/isapadilla.com\/es\/wp-json\/wp\/v2\/types\/page"}],"author":[{"embeddable":true,"href":"https:\/\/isapadilla.com\/es\/wp-json\/wp\/v2\/users\/1"}],"replies":[{"embeddable":true,"href":"https:\/\/isapadilla.com\/es\/wp-json\/wp\/v2\/comments?post=2768"}],"version-history":[{"count":31,"href":"https:\/\/isapadilla.com\/es\/wp-json\/wp\/v2\/pages\/2768\/revisions"}],"predecessor-version":[{"id":2916,"href":"https:\/\/isapadilla.com\/es\/wp-json\/wp\/v2\/pages\/2768\/revisions\/2916"}],"wp:featuredmedia":[{"embeddable":true,"href":"https:\/\/isapadilla.com\/es\/wp-json\/wp\/v2\/media\/2785"}],"wp:attachment":[{"href":"https:\/\/isapadilla.com\/es\/wp-json\/wp\/v2\/media?parent=2768"}],"curies":[{"name":"wp","href":"https:\/\/api.w.org\/{rel}","templated":true}]}}